{"id":1619,"date":"2020-04-08T19:38:25","date_gmt":"2020-04-08T19:38:25","guid":{"rendered":"https:\/\/lagar.vamtam.com\/?post_type=product&#038;p=1619"},"modified":"2024-08-05T17:02:56","modified_gmt":"2024-08-05T15:02:56","slug":"rose-aurore-2023","status":"publish","type":"product","link":"https:\/\/integ.carrubier.fr\/en\/product\/rose-aurore-2023\/","title":{"rendered":"Aurore 2023"},"content":{"rendered":"<div data-elementor-type=\"product-post\" data-elementor-id=\"1619\" class=\"elementor elementor-1619\" data-elementor-post-type=\"product\">\n\t\t\t\t\t\t<section class=\"elementor-section elementor-top-section elementor-element elementor-element-39f442f elementor-section-boxed elementor-section-height-default elementor-section-height-default\" data-id=\"39f442f\" data-element_type=\"section\" data-e-type=\"section\">\n\t\t\t\t\t\t<div class=\"elementor-container elementor-column-gap-default\">\n\t\t\t\t\t<div class=\"elementor-column elementor-col-100 elementor-top-column elementor-element elementor-element-2fddeee\" data-id=\"2fddeee\" data-element_type=\"column\" data-e-type=\"column\">\n\t\t\t<div class=\"elementor-widget-wrap elementor-element-populated\">\n\t\t\t\t\t\t<div class=\"elementor-element elementor-element-fabfa93 elementor-widget elementor-widget-heading\" data-id=\"fabfa93\" data-element_type=\"widget\" data-e-type=\"widget\" data-widget_type=\"heading.default\">\n\t\t\t\t<div class=\"elementor-widget-container\">\n\t\t\t\t\t<h5 class=\"elementor-heading-title elementor-size-default\">Distinctions<\/h5>\t\t\t\t<\/div>\n\t\t\t\t<\/div>\n\t\t\t\t<section class=\"elementor-section elementor-inner-section elementor-element elementor-element-38cc738 elementor-section-boxed elementor-section-height-default elementor-section-height-default\" data-id=\"38cc738\" data-element_type=\"section\" data-e-type=\"section\">\n\t\t\t\t\t\t<div class=\"elementor-container elementor-column-gap-default\">\n\t\t\t\t\t<div class=\"elementor-column elementor-col-100 elementor-inner-column elementor-element elementor-element-e693d53\" data-id=\"e693d53\" data-element_type=\"column\" data-e-type=\"column\">\n\t\t\t<div class=\"elementor-widget-wrap elementor-element-populated\">\n\t\t\t\t\t\t<div class=\"elementor-element elementor-element-a61726f elementor-headline--style-highlight elementor-widget elementor-widget-vamtam-animated-headline\" data-id=\"a61726f\" data-element_type=\"widget\" data-e-type=\"widget\" data-settings=\"{&quot;marker&quot;:&quot;curly&quot;,&quot;highlighted_text&quot;:&quot;M\\u00e9daille d&#039;Or&quot;,&quot;headline_style&quot;:&quot;highlight&quot;,&quot;loop&quot;:&quot;yes&quot;,&quot;highlight_animation_duration&quot;:1200,&quot;highlight_iteration_delay&quot;:8000}\" data-widget_type=\"vamtam-animated-headline.default\">\n\t\t\t\t<div class=\"elementor-widget-container\">\n\t\t\t\t\t<a href=\"\/distinctions\/#CGA\">\t\t\t\t<h5 class=\"elementor-headline\">\n\t\t\t\t\t\t\t\t\t\t\t\t\t\t\t\t\t\t<span class=\"elementor-headline-plain-text elementor-headline-text-wrapper\">Concours G\u00e9n\u00e9ral Agricole 2024 : <br><\/span>\n\t\t\t\t\t\t\t\t\t\t\t\t<span class=\"elementor-headline-dynamic-wrapper elementor-headline-text-wrapper\">\n\t\t\t\t\t\t\t\t\t\t\t\t\t<span class=\"elementor-headline-dynamic-text elementor-headline-text-active\">M\u00e9daille d'Or<\/span>\n\t\t\t\t\t\t\t\t\t\t\t\t<\/span>\n\t\t\t\t\t\t\t\t\t\t\t\t\t\t\t<\/h5>\n\t\t\t\t<\/a>\t\t\t\t<\/div>\n\t\t\t\t<\/div>\n\t\t\t\t\t<\/div>\n\t\t<\/div>\n\t\t\t\t\t<\/div>\n\t\t<\/section>\n\t\t\t\t<section class=\"elementor-section elementor-inner-section elementor-element elementor-element-00321c5 elementor-section-boxed elementor-section-height-default elementor-section-height-default\" data-id=\"00321c5\" data-element_type=\"section\" data-e-type=\"section\">\n\t\t\t\t\t\t<div class=\"elementor-container elementor-column-gap-default\">\n\t\t\t\t\t<div class=\"elementor-column elementor-col-100 elementor-inner-column elementor-element elementor-element-f18f876\" data-id=\"f18f876\" data-element_type=\"column\" data-e-type=\"column\">\n\t\t\t<div class=\"elementor-widget-wrap elementor-element-populated\">\n\t\t\t\t\t\t<div class=\"elementor-element elementor-element-a6176ca elementor-widget__width-initial elementor-widget-mobile__width-initial elementor-fixed elementor-hidden-tablet elementor-hidden-phone elementor-widget elementor-widget-image\" data-id=\"a6176ca\" data-element_type=\"widget\" data-e-type=\"widget\" data-settings=\"{&quot;_position&quot;:&quot;fixed&quot;}\" data-widget_type=\"image.default\">\n\t\t\t\t<div class=\"elementor-widget-container\">\n\t\t\t\t\t\t\t\t\t<div class=\"elementor-image\">\n\t\t\t\t\t\t\t\t\t\t\t\t\t\t\t\t\t\t\t\t\t<img fetchpriority=\"high\" decoding=\"async\" width=\"308\" height=\"444\" src=\"https:\/\/integ.carrubier.fr\/wp-content\/uploads\/2020\/08\/grapes-transparent-2-v2.png\" class=\"attachment-large size-large wp-image-6365\" alt=\"\" srcset=\"https:\/\/integ.carrubier.fr\/wp-content\/uploads\/2020\/08\/grapes-transparent-2-v2.png 308w, https:\/\/integ.carrubier.fr\/wp-content\/uploads\/2020\/08\/grapes-transparent-2-v2-208x300.png 208w\" sizes=\"(max-width: 308px) 100vw, 308px\" \/>\t\t\t\t\t\t\t\t\t\t\t\t\t\t\t\t\t\t\t\t\t\t\t\t<\/div>\n\t\t\t\t\t\t\t\t<\/div>\n\t\t\t\t<\/div>\n\t\t\t\t\t<\/div>\n\t\t<\/div>\n\t\t\t\t\t<\/div>\n\t\t<\/section>\n\t\t\t\t\t<\/div>\n\t\t<\/div>\n\t\t\t\t\t<\/div>\n\t\t<\/section>\n\t\t\t\t<\/div>","protected":false},"excerpt":{"rendered":"<h5>Terroir<\/h5>\n<hr\/>\n<p>Sol siliceux, d&rsquo;origine schisteuse, plus caillouteux sur les coteaux, plus sableux dans les d\u00e9pressions.<br \/>\nClimat influenc\u00e9 par la mer : la rade d&rsquo;Hy\u00e8res n&rsquo;est qu&rsquo;\u00e0 quelques kilom\u00e8tres au sud.<\/p>\n<h5>Vignoble<\/h5>\n<hr\/>\n<p>Plantation presque exclusivement en coteaux. Vignes paliss\u00e9es.<br \/>\nAge moyen des vignes : 20 ans.<br \/>\nEnc\u00e9pagement: Grenache 80%, Syrah 20%.<\/p>\n<h5>Vinification<\/h5>\n<hr\/>\n<p>Vendange enti\u00e8rement manuelle avec tri sur la parcelle. Egrappage \u00e0 l&rsquo;entr\u00e9e en cave.<br \/>\nInertage des mo\u00fbts. D\u00e9bourbage par le froid. Pressurage apr\u00e8s mac\u00e9ration pelliculaire courte.<br \/>\nContr\u00f4le de la temp\u00e9rature \u00e0 toutes les \u00e9tapes : fermentation \u00e0 temp\u00e9rature contr\u00f4l\u00e9e de 17\u00b0C.<\/p>\n<h5>Caract\u00e9ristiques du produit<\/h5>\n<hr\/>\n<p>Titre alcoolique : 13,3 % vol.<br \/>\nBouteille bordelaise Prestige 75 cl, bouchon DELTA 44 x 24 marqu\u00e9 Mise en Bouteille<br \/>\n\u00e0 la Propri\u00e9t\u00e9, capsule cong\u00e9, \u00e9tiquette.<\/p>\n<h5>D\u00e9gustation &#8211; Accord avec les mets<\/h5>\n<hr\/>\n<p>Robe chair. Le nez exprime des notes florales ainsi qu\u2019une pointe min\u00e9rale.<br \/>\nLa bouche ronde et soyeuse offre des ar\u00f4mes de garrigue qui s\u2019\u00e9tirent au cours d\u2019une longue finale.<\/p>\n<p>Id\u00e9al pour un barbecue entre amis, il se d\u00e9guste \u00e0 tout moment de la journ\u00e9e.<br \/>\nIl accompagnera id\u00e9alement souffl\u00e9s, terrines, carpaccios, coquillages, crustac\u00e9s, magrets de canard brais\u00e9s, tajines,<br \/>\ncarr\u00e9 d&rsquo;agneau, c\u00f4te de boeuf, dorade au gril, bouillabaisse.<br \/>\nEt pour les instants douceurs, les tartes aux framboises ou la salade de fruits frais.<\/p>","protected":false},"featured_media":987880,"comment_status":"closed","ping_status":"closed","template":"","meta":[],"product_brand":[],"product_cat":[57],"product_tag":[],"class_list":{"0":"post-1619","1":"product","2":"type-product","3":"status-publish","4":"has-post-thumbnail","6":"product_cat-rose","8":"first","9":"instock","10":"featured","11":"shipping-taxable","12":"purchasable","13":"product-type-simple"},"yoast_head":"<!-- This site is optimized with the Yoast SEO plugin v27.5 - https:\/\/yoast.com\/product\/yoast-seo-wordpress\/ -->\n<title>Aurore 2023 - Domaine du Carrubier - INTEG<\/title>\n<meta name=\"robots\" content=\"noindex, follow, max-snippet:-1, max-image-preview:large, max-video-preview:-1\" \/>\n<meta property=\"og:locale\" content=\"en_US\" \/>\n<meta property=\"og:type\" content=\"article\" \/>\n<meta property=\"og:title\" content=\"Aurore 2023 - Domaine du Carrubier - INTEG\" \/>\n<meta property=\"og:description\" content=\"Terroir  Sol siliceux, d&#039;origine schisteuse, plus caillouteux sur les coteaux, plus sableux dans les d\u00e9pressions. Climat influenc\u00e9 par la mer : la rade d&#039;Hy\u00e8res n&#039;est qu&#039;\u00e0 quelques kilom\u00e8tres au sud.  Vignoble  Plantation presque exclusivement en coteaux. Vignes paliss\u00e9es. Age moyen des vignes : 20 ans. Enc\u00e9pagement: Grenache 80%, Syrah 20%.  Vinification  Vendange enti\u00e8rement manuelle avec tri sur la parcelle. Egrappage \u00e0 l&#039;entr\u00e9e en cave. Inertage des mo\u00fbts. D\u00e9bourbage par le froid. Pressurage apr\u00e8s mac\u00e9ration pelliculaire courte. Contr\u00f4le de la temp\u00e9rature \u00e0 toutes les \u00e9tapes : fermentation \u00e0 temp\u00e9rature contr\u00f4l\u00e9e de 17\u00b0C.  Caract\u00e9ristiques du produit  Titre alcoolique : 13,3 % vol. Bouteille bordelaise Prestige 75 cl, bouchon DELTA 44 x 24 marqu\u00e9 Mise en Bouteille \u00e0 la Propri\u00e9t\u00e9, capsule cong\u00e9, \u00e9tiquette.  D\u00e9gustation - Accord avec les mets  Robe chair. Le nez exprime des notes florales ainsi qu\u2019une pointe min\u00e9rale. La bouche ronde et soyeuse offre des ar\u00f4mes de garrigue qui s\u2019\u00e9tirent au cours d\u2019une longue finale.  Id\u00e9al pour un barbecue entre amis, il se d\u00e9guste \u00e0 tout moment de la journ\u00e9e. Il accompagnera id\u00e9alement souffl\u00e9s, terrines, carpaccios, coquillages, crustac\u00e9s, magrets de canard brais\u00e9s, tajines, carr\u00e9 d&#039;agneau, c\u00f4te de boeuf, dorade au gril, bouillabaisse. Et pour les instants douceurs, les tartes aux framboises ou la salade de fruits frais.\" \/>\n<meta property=\"og:url\" content=\"https:\/\/integ.carrubier.fr\/en\/product\/rose-aurore-2023\/\" \/>\n<meta property=\"og:site_name\" content=\"Domaine du Carrubier - INTEG\" \/>\n<meta property=\"article:modified_time\" content=\"2024-08-05T15:02:56+00:00\" \/>\n<meta property=\"og:image\" content=\"https:\/\/integ.carrubier.fr\/wp-content\/uploads\/2020\/04\/aurore2023-product.png\" \/>\n\t<meta property=\"og:image:width\" content=\"500\" \/>\n\t<meta property=\"og:image:height\" content=\"1000\" \/>\n\t<meta property=\"og:image:type\" content=\"image\/png\" \/>\n<meta name=\"twitter:card\" content=\"summary_large_image\" \/>\n<script type=\"application\/ld+json\" class=\"yoast-schema-graph\">{\"@context\":\"https:\\\/\\\/schema.org\",\"@graph\":[{\"@type\":\"WebPage\",\"@id\":\"https:\\\/\\\/integ.carrubier.fr\\\/produit\\\/rose-aurore-2023\\\/\",\"url\":\"https:\\\/\\\/integ.carrubier.fr\\\/produit\\\/rose-aurore-2023\\\/\",\"name\":\"Aurore 2023 - Domaine du Carrubier - INTEG\",\"isPartOf\":{\"@id\":\"https:\\\/\\\/integ.carrubier.fr\\\/#website\"},\"primaryImageOfPage\":{\"@id\":\"https:\\\/\\\/integ.carrubier.fr\\\/produit\\\/rose-aurore-2023\\\/#primaryimage\"},\"image\":{\"@id\":\"https:\\\/\\\/integ.carrubier.fr\\\/produit\\\/rose-aurore-2023\\\/#primaryimage\"},\"thumbnailUrl\":\"https:\\\/\\\/integ.carrubier.fr\\\/wp-content\\\/uploads\\\/2020\\\/04\\\/aurore2023-product.png\",\"datePublished\":\"2020-04-08T19:38:25+00:00\",\"dateModified\":\"2024-08-05T15:02:56+00:00\",\"breadcrumb\":{\"@id\":\"https:\\\/\\\/integ.carrubier.fr\\\/produit\\\/rose-aurore-2023\\\/#breadcrumb\"},\"inLanguage\":\"en-US\",\"potentialAction\":[{\"@type\":\"ReadAction\",\"target\":[\"https:\\\/\\\/integ.carrubier.fr\\\/produit\\\/rose-aurore-2023\\\/\"]}]},{\"@type\":\"ImageObject\",\"inLanguage\":\"en-US\",\"@id\":\"https:\\\/\\\/integ.carrubier.fr\\\/produit\\\/rose-aurore-2023\\\/#primaryimage\",\"url\":\"https:\\\/\\\/integ.carrubier.fr\\\/wp-content\\\/uploads\\\/2020\\\/04\\\/aurore2023-product.png\",\"contentUrl\":\"https:\\\/\\\/integ.carrubier.fr\\\/wp-content\\\/uploads\\\/2020\\\/04\\\/aurore2023-product.png\",\"width\":500,\"height\":1000},{\"@type\":\"BreadcrumbList\",\"@id\":\"https:\\\/\\\/integ.carrubier.fr\\\/produit\\\/rose-aurore-2023\\\/#breadcrumb\",\"itemListElement\":[{\"@type\":\"ListItem\",\"position\":1,\"name\":\"Accueil\",\"item\":\"https:\\\/\\\/integ.carrubier.fr\\\/\"},{\"@type\":\"ListItem\",\"position\":2,\"name\":\"Produits\",\"item\":\"https:\\\/\\\/integ.carrubier.fr\\\/shop\\\/\"},{\"@type\":\"ListItem\",\"position\":3,\"name\":\"Aurore 2023\"}]},{\"@type\":\"WebSite\",\"@id\":\"https:\\\/\\\/integ.carrubier.fr\\\/#website\",\"url\":\"https:\\\/\\\/integ.carrubier.fr\\\/\",\"name\":\"Domaine du Carrubier - INTEG\",\"description\":\"\",\"publisher\":{\"@id\":\"https:\\\/\\\/integ.carrubier.fr\\\/#organization\"},\"potentialAction\":[{\"@type\":\"SearchAction\",\"target\":{\"@type\":\"EntryPoint\",\"urlTemplate\":\"https:\\\/\\\/integ.carrubier.fr\\\/?s={search_term_string}\"},\"query-input\":{\"@type\":\"PropertyValueSpecification\",\"valueRequired\":true,\"valueName\":\"search_term_string\"}}],\"inLanguage\":\"en-US\"},{\"@type\":\"Organization\",\"@id\":\"https:\\\/\\\/integ.carrubier.fr\\\/#organization\",\"name\":\"Domaine du Carrubier - INTEG\",\"url\":\"https:\\\/\\\/integ.carrubier.fr\\\/\",\"logo\":{\"@type\":\"ImageObject\",\"inLanguage\":\"en-US\",\"@id\":\"https:\\\/\\\/integ.carrubier.fr\\\/#\\\/schema\\\/logo\\\/image\\\/\",\"url\":\"https:\\\/\\\/integ.carrubier.fr\\\/wp-content\\\/uploads\\\/2024\\\/08\\\/logo-blanc.png\",\"contentUrl\":\"https:\\\/\\\/integ.carrubier.fr\\\/wp-content\\\/uploads\\\/2024\\\/08\\\/logo-blanc.png\",\"width\":127,\"height\":80,\"caption\":\"Domaine du Carrubier - INTEG\"},\"image\":{\"@id\":\"https:\\\/\\\/integ.carrubier.fr\\\/#\\\/schema\\\/logo\\\/image\\\/\"}}]}<\/script>\n<!-- \/ Yoast SEO plugin. -->","yoast_head_json":{"title":"Aurore 2023 - Domaine du Carrubier - INTEG","robots":{"index":"noindex","follow":"follow","max-snippet":"max-snippet:-1","max-image-preview":"max-image-preview:large","max-video-preview":"max-video-preview:-1"},"og_locale":"en_US","og_type":"article","og_title":"Aurore 2023 - Domaine du Carrubier - INTEG","og_description":"Terroir  Sol siliceux, d'origine schisteuse, plus caillouteux sur les coteaux, plus sableux dans les d\u00e9pressions. Climat influenc\u00e9 par la mer : la rade d'Hy\u00e8res n'est qu'\u00e0 quelques kilom\u00e8tres au sud.  Vignoble  Plantation presque exclusivement en coteaux. Vignes paliss\u00e9es. Age moyen des vignes : 20 ans. Enc\u00e9pagement: Grenache 80%, Syrah 20%.  Vinification  Vendange enti\u00e8rement manuelle avec tri sur la parcelle. Egrappage \u00e0 l'entr\u00e9e en cave. Inertage des mo\u00fbts. D\u00e9bourbage par le froid. Pressurage apr\u00e8s mac\u00e9ration pelliculaire courte. Contr\u00f4le de la temp\u00e9rature \u00e0 toutes les \u00e9tapes : fermentation \u00e0 temp\u00e9rature contr\u00f4l\u00e9e de 17\u00b0C.  Caract\u00e9ristiques du produit  Titre alcoolique : 13,3 % vol. Bouteille bordelaise Prestige 75 cl, bouchon DELTA 44 x 24 marqu\u00e9 Mise en Bouteille \u00e0 la Propri\u00e9t\u00e9, capsule cong\u00e9, \u00e9tiquette.  D\u00e9gustation - Accord avec les mets  Robe chair. Le nez exprime des notes florales ainsi qu\u2019une pointe min\u00e9rale. La bouche ronde et soyeuse offre des ar\u00f4mes de garrigue qui s\u2019\u00e9tirent au cours d\u2019une longue finale.  Id\u00e9al pour un barbecue entre amis, il se d\u00e9guste \u00e0 tout moment de la journ\u00e9e. Il accompagnera id\u00e9alement souffl\u00e9s, terrines, carpaccios, coquillages, crustac\u00e9s, magrets de canard brais\u00e9s, tajines, carr\u00e9 d'agneau, c\u00f4te de boeuf, dorade au gril, bouillabaisse. Et pour les instants douceurs, les tartes aux framboises ou la salade de fruits frais.","og_url":"https:\/\/integ.carrubier.fr\/en\/product\/rose-aurore-2023\/","og_site_name":"Domaine du Carrubier - INTEG","article_modified_time":"2024-08-05T15:02:56+00:00","og_image":[{"width":500,"height":1000,"url":"https:\/\/integ.carrubier.fr\/wp-content\/uploads\/2020\/04\/aurore2023-product.png","type":"image\/png"}],"twitter_card":"summary_large_image","schema":{"@context":"https:\/\/schema.org","@graph":[{"@type":"WebPage","@id":"https:\/\/integ.carrubier.fr\/produit\/rose-aurore-2023\/","url":"https:\/\/integ.carrubier.fr\/produit\/rose-aurore-2023\/","name":"Aurore 2023 - Domaine du Carrubier - INTEG","isPartOf":{"@id":"https:\/\/integ.carrubier.fr\/#website"},"primaryImageOfPage":{"@id":"https:\/\/integ.carrubier.fr\/produit\/rose-aurore-2023\/#primaryimage"},"image":{"@id":"https:\/\/integ.carrubier.fr\/produit\/rose-aurore-2023\/#primaryimage"},"thumbnailUrl":"https:\/\/integ.carrubier.fr\/wp-content\/uploads\/2020\/04\/aurore2023-product.png","datePublished":"2020-04-08T19:38:25+00:00","dateModified":"2024-08-05T15:02:56+00:00","breadcrumb":{"@id":"https:\/\/integ.carrubier.fr\/produit\/rose-aurore-2023\/#breadcrumb"},"inLanguage":"en-US","potentialAction":[{"@type":"ReadAction","target":["https:\/\/integ.carrubier.fr\/produit\/rose-aurore-2023\/"]}]},{"@type":"ImageObject","inLanguage":"en-US","@id":"https:\/\/integ.carrubier.fr\/produit\/rose-aurore-2023\/#primaryimage","url":"https:\/\/integ.carrubier.fr\/wp-content\/uploads\/2020\/04\/aurore2023-product.png","contentUrl":"https:\/\/integ.carrubier.fr\/wp-content\/uploads\/2020\/04\/aurore2023-product.png","width":500,"height":1000},{"@type":"BreadcrumbList","@id":"https:\/\/integ.carrubier.fr\/produit\/rose-aurore-2023\/#breadcrumb","itemListElement":[{"@type":"ListItem","position":1,"name":"Accueil","item":"https:\/\/integ.carrubier.fr\/"},{"@type":"ListItem","position":2,"name":"Produits","item":"https:\/\/integ.carrubier.fr\/shop\/"},{"@type":"ListItem","position":3,"name":"Aurore 2023"}]},{"@type":"WebSite","@id":"https:\/\/integ.carrubier.fr\/#website","url":"https:\/\/integ.carrubier.fr\/","name":"Domaine du Carrubier - INTEG","description":"","publisher":{"@id":"https:\/\/integ.carrubier.fr\/#organization"},"potentialAction":[{"@type":"SearchAction","target":{"@type":"EntryPoint","urlTemplate":"https:\/\/integ.carrubier.fr\/?s={search_term_string}"},"query-input":{"@type":"PropertyValueSpecification","valueRequired":true,"valueName":"search_term_string"}}],"inLanguage":"en-US"},{"@type":"Organization","@id":"https:\/\/integ.carrubier.fr\/#organization","name":"Domaine du Carrubier - INTEG","url":"https:\/\/integ.carrubier.fr\/","logo":{"@type":"ImageObject","inLanguage":"en-US","@id":"https:\/\/integ.carrubier.fr\/#\/schema\/logo\/image\/","url":"https:\/\/integ.carrubier.fr\/wp-content\/uploads\/2024\/08\/logo-blanc.png","contentUrl":"https:\/\/integ.carrubier.fr\/wp-content\/uploads\/2024\/08\/logo-blanc.png","width":127,"height":80,"caption":"Domaine du Carrubier - INTEG"},"image":{"@id":"https:\/\/integ.carrubier.fr\/#\/schema\/logo\/image\/"}}]}},"_links":{"self":[{"href":"https:\/\/integ.carrubier.fr\/en\/wp-json\/wp\/v2\/product\/1619","targetHints":{"allow":["GET"]}}],"collection":[{"href":"https:\/\/integ.carrubier.fr\/en\/wp-json\/wp\/v2\/product"}],"about":[{"href":"https:\/\/integ.carrubier.fr\/en\/wp-json\/wp\/v2\/types\/product"}],"replies":[{"embeddable":true,"href":"https:\/\/integ.carrubier.fr\/en\/wp-json\/wp\/v2\/comments?post=1619"}],"version-history":[{"count":9,"href":"https:\/\/integ.carrubier.fr\/en\/wp-json\/wp\/v2\/product\/1619\/revisions"}],"predecessor-version":[{"id":988026,"href":"https:\/\/integ.carrubier.fr\/en\/wp-json\/wp\/v2\/product\/1619\/revisions\/988026"}],"wp:featuredmedia":[{"embeddable":true,"href":"https:\/\/integ.carrubier.fr\/en\/wp-json\/wp\/v2\/media\/987880"}],"wp:attachment":[{"href":"https:\/\/integ.carrubier.fr\/en\/wp-json\/wp\/v2\/media?parent=1619"}],"wp:term":[{"taxonomy":"product_brand","embeddable":true,"href":"https:\/\/integ.carrubier.fr\/en\/wp-json\/wp\/v2\/product_brand?post=1619"},{"taxonomy":"product_cat","embeddable":true,"href":"https:\/\/integ.carrubier.fr\/en\/wp-json\/wp\/v2\/product_cat?post=1619"},{"taxonomy":"product_tag","embeddable":true,"href":"https:\/\/integ.carrubier.fr\/en\/wp-json\/wp\/v2\/product_tag?post=1619"}],"curies":[{"name":"wp","href":"https:\/\/api.w.org\/{rel}","templated":true}]}}