{"id":1578,"date":"2020-04-08T11:25:27","date_gmt":"2020-04-08T11:25:27","guid":{"rendered":"https:\/\/lagar.vamtam.com\/?post_type=product&#038;p=1578"},"modified":"2024-07-24T14:25:51","modified_gmt":"2024-07-24T12:25:51","slug":"rouge-2020","status":"publish","type":"product","link":"https:\/\/integ.carrubier.fr\/en\/product\/rouge-2020\/","title":{"rendered":"Rouge 2020"},"content":{"rendered":"<div data-elementor-type=\"product-post\" data-elementor-id=\"1578\" class=\"elementor elementor-1578\" data-elementor-post-type=\"product\">\n\t\t\t\t\t\t<section class=\"elementor-section elementor-top-section elementor-element elementor-element-077694e elementor-section-boxed elementor-section-height-default elementor-section-height-default\" data-id=\"077694e\" data-element_type=\"section\" data-e-type=\"section\">\n\t\t\t\t\t\t<div class=\"elementor-container elementor-column-gap-default\">\n\t\t\t\t\t<div class=\"elementor-column elementor-col-100 elementor-top-column elementor-element elementor-element-8e29163\" data-id=\"8e29163\" data-element_type=\"column\" data-e-type=\"column\">\n\t\t\t<div class=\"elementor-widget-wrap elementor-element-populated\">\n\t\t\t\t\t\t<div class=\"elementor-element elementor-element-5372bce elementor-hidden-desktop elementor-hidden-tablet elementor-hidden-mobile elementor-widget elementor-widget-heading\" data-id=\"5372bce\" data-element_type=\"widget\" data-e-type=\"widget\" data-widget_type=\"heading.default\">\n\t\t\t\t<div class=\"elementor-widget-container\">\n\t\t\t\t\t<h5 class=\"elementor-heading-title elementor-size-default\">Discinctions<\/h5>\t\t\t\t<\/div>\n\t\t\t\t<\/div>\n\t\t\t\t<section class=\"elementor-section elementor-inner-section elementor-element elementor-element-f259b7b elementor-hidden-desktop elementor-hidden-tablet elementor-hidden-mobile elementor-section-boxed elementor-section-height-default elementor-section-height-default\" data-id=\"f259b7b\" data-element_type=\"section\" data-e-type=\"section\">\n\t\t\t\t\t\t<div class=\"elementor-container elementor-column-gap-default\">\n\t\t\t\t\t<div class=\"elementor-column elementor-col-33 elementor-inner-column elementor-element elementor-element-a831483\" data-id=\"a831483\" data-element_type=\"column\" data-e-type=\"column\">\n\t\t\t<div class=\"elementor-widget-wrap elementor-element-populated\">\n\t\t\t\t\t\t<div class=\"elementor-element elementor-element-81c6edb elementor-headline--style-highlight elementor-widget elementor-widget-vamtam-animated-headline\" data-id=\"81c6edb\" data-element_type=\"widget\" data-e-type=\"widget\" data-settings=\"{&quot;marker&quot;:&quot;curly&quot;,&quot;highlighted_text&quot;:&quot;92\\\/100&quot;,&quot;headline_style&quot;:&quot;highlight&quot;,&quot;loop&quot;:&quot;yes&quot;,&quot;highlight_animation_duration&quot;:1200,&quot;highlight_iteration_delay&quot;:8000}\" data-widget_type=\"vamtam-animated-headline.default\">\n\t\t\t\t<div class=\"elementor-widget-container\">\n\t\t\t\t\t\t\t\t\t<h5 class=\"elementor-headline\">\n\t\t\t\t\t\t\t\t\t\t\t\t\t\t\t\t\t\t<span class=\"elementor-headline-plain-text elementor-headline-text-wrapper\">Falstaff\u200b: <br><\/span>\n\t\t\t\t\t\t\t\t\t\t\t\t<span class=\"elementor-headline-dynamic-wrapper elementor-headline-text-wrapper\">\n\t\t\t\t\t\t\t\t\t\t\t\t\t<span class=\"elementor-headline-dynamic-text elementor-headline-text-active\">92\/100<\/span>\n\t\t\t\t\t\t\t\t\t\t\t\t<\/span>\n\t\t\t\t\t\t\t\t\t\t\t\t\t<span class=\"elementor-headline-plain-text elementor-headline-text-wrapper\">Austria<\/span>\n\t\t\t\t\t\t\t\t\t\t\t\t\t\t\t\t<\/h5>\n\t\t\t\t\t\t\t\t<\/div>\n\t\t\t\t<\/div>\n\t\t\t\t\t<\/div>\n\t\t<\/div>\n\t\t\t\t<div class=\"elementor-column elementor-col-33 elementor-inner-column elementor-element elementor-element-ff1885a\" data-id=\"ff1885a\" data-element_type=\"column\" data-e-type=\"column\">\n\t\t\t<div class=\"elementor-widget-wrap elementor-element-populated\">\n\t\t\t\t\t\t<div class=\"elementor-element elementor-element-27d4deb elementor-headline--style-highlight elementor-widget elementor-widget-vamtam-animated-headline\" data-id=\"27d4deb\" data-element_type=\"widget\" data-e-type=\"widget\" data-settings=\"{&quot;marker&quot;:&quot;curly&quot;,&quot;highlighted_text&quot;:&quot;94\\\/100&quot;,&quot;headline_style&quot;:&quot;highlight&quot;,&quot;loop&quot;:&quot;yes&quot;,&quot;highlight_animation_duration&quot;:1200,&quot;highlight_iteration_delay&quot;:8000}\" data-widget_type=\"vamtam-animated-headline.default\">\n\t\t\t\t<div class=\"elementor-widget-container\">\n\t\t\t\t\t\t\t\t\t<h5 class=\"elementor-headline\">\n\t\t\t\t\t\t\t\t\t\t\t\t\t\t\t\t\t\t<span class=\"elementor-headline-plain-text elementor-headline-text-wrapper\">Daniele Cernilli: <br><\/span>\n\t\t\t\t\t\t\t\t\t\t\t\t<span class=\"elementor-headline-dynamic-wrapper elementor-headline-text-wrapper\">\n\t\t\t\t\t\t\t\t\t\t\t\t\t<span class=\"elementor-headline-dynamic-text elementor-headline-text-active\">94\/100<\/span>\n\t\t\t\t\t\t\t\t\t\t\t\t<\/span>\n\t\t\t\t\t\t\t\t\t\t\t\t\t<span class=\"elementor-headline-plain-text elementor-headline-text-wrapper\">Italy<\/span>\n\t\t\t\t\t\t\t\t\t\t\t\t\t\t\t\t<\/h5>\n\t\t\t\t\t\t\t\t<\/div>\n\t\t\t\t<\/div>\n\t\t\t\t\t<\/div>\n\t\t<\/div>\n\t\t\t\t<div class=\"elementor-column elementor-col-33 elementor-inner-column elementor-element elementor-element-09adcda\" data-id=\"09adcda\" data-element_type=\"column\" data-e-type=\"column\">\n\t\t\t<div class=\"elementor-widget-wrap elementor-element-populated\">\n\t\t\t\t\t\t<div class=\"elementor-element elementor-element-b1f4c53 elementor-headline--style-highlight elementor-widget elementor-widget-vamtam-animated-headline\" data-id=\"b1f4c53\" data-element_type=\"widget\" data-e-type=\"widget\" data-settings=\"{&quot;marker&quot;:&quot;curly&quot;,&quot;highlighted_text&quot;:&quot;Tre bicchieri&quot;,&quot;headline_style&quot;:&quot;highlight&quot;,&quot;loop&quot;:&quot;yes&quot;,&quot;highlight_animation_duration&quot;:1200,&quot;highlight_iteration_delay&quot;:8000}\" data-widget_type=\"vamtam-animated-headline.default\">\n\t\t\t\t<div class=\"elementor-widget-container\">\n\t\t\t\t\t\t\t\t\t<h5 class=\"elementor-headline\">\n\t\t\t\t\t\t\t\t\t\t\t\t\t\t\t\t\t\t<span class=\"elementor-headline-plain-text elementor-headline-text-wrapper\">Gambero Rosso\u200b: <br><\/span>\n\t\t\t\t\t\t\t\t\t\t\t\t<span class=\"elementor-headline-dynamic-wrapper elementor-headline-text-wrapper\">\n\t\t\t\t\t\t\t\t\t\t\t\t\t<span class=\"elementor-headline-dynamic-text elementor-headline-text-active\">Tre bicchieri<\/span>\n\t\t\t\t\t\t\t\t\t\t\t\t<\/span>\n\t\t\t\t\t\t\t\t\t\t\t\t\t<span class=\"elementor-headline-plain-text elementor-headline-text-wrapper\">Italy<\/span>\n\t\t\t\t\t\t\t\t\t\t\t\t\t\t\t\t<\/h5>\n\t\t\t\t\t\t\t\t<\/div>\n\t\t\t\t<\/div>\n\t\t\t\t\t<\/div>\n\t\t<\/div>\n\t\t\t\t\t<\/div>\n\t\t<\/section>\n\t\t\t\t<section class=\"elementor-section elementor-inner-section elementor-element elementor-element-293fc37 elementor-section-boxed elementor-section-height-default elementor-section-height-default\" data-id=\"293fc37\" data-element_type=\"section\" data-e-type=\"section\">\n\t\t\t\t\t\t<div class=\"elementor-container elementor-column-gap-default\">\n\t\t\t\t\t<div class=\"elementor-column elementor-col-100 elementor-inner-column elementor-element elementor-element-e319e89\" data-id=\"e319e89\" data-element_type=\"column\" data-e-type=\"column\">\n\t\t\t<div class=\"elementor-widget-wrap elementor-element-populated\">\n\t\t\t\t\t\t<div class=\"elementor-element elementor-element-78b67d6 elementor-widget__width-initial elementor-widget-mobile__width-initial elementor-fixed elementor-hidden-tablet elementor-hidden-phone elementor-widget elementor-widget-image\" data-id=\"78b67d6\" data-element_type=\"widget\" data-e-type=\"widget\" data-settings=\"{&quot;_position&quot;:&quot;fixed&quot;}\" data-widget_type=\"image.default\">\n\t\t\t\t<div class=\"elementor-widget-container\">\n\t\t\t\t\t\t\t\t\t<div class=\"elementor-image\">\n\t\t\t\t\t\t\t\t\t\t\t\t\t\t\t\t\t\t\t\t\t<img fetchpriority=\"high\" decoding=\"async\" width=\"308\" height=\"444\" src=\"https:\/\/integ.carrubier.fr\/wp-content\/uploads\/2020\/08\/grapes-transparent-2-v2.png\" class=\"attachment-large size-large wp-image-6365\" alt=\"\" srcset=\"https:\/\/integ.carrubier.fr\/wp-content\/uploads\/2020\/08\/grapes-transparent-2-v2.png 308w, https:\/\/integ.carrubier.fr\/wp-content\/uploads\/2020\/08\/grapes-transparent-2-v2-208x300.png 208w\" sizes=\"(max-width: 308px) 100vw, 308px\" \/>\t\t\t\t\t\t\t\t\t\t\t\t\t\t\t\t\t\t\t\t\t\t\t\t<\/div>\n\t\t\t\t\t\t\t\t<\/div>\n\t\t\t\t<\/div>\n\t\t\t\t\t<\/div>\n\t\t<\/div>\n\t\t\t\t\t<\/div>\n\t\t<\/section>\n\t\t\t\t\t<\/div>\n\t\t<\/div>\n\t\t\t\t\t<\/div>\n\t\t<\/section>\n\t\t\t\t<\/div>","protected":false},"excerpt":{"rendered":"<h5>Terroir<\/h5>\n<hr\/>\n<p>Sol siliceux, d&rsquo;origine schisteuse, plus caillouteux sur les coteaux, plus sableux dans les d\u00e9pressions,<br \/>\nClimat influenc\u00e9 par la mer: la rade d&rsquo;Hy\u00e8res n&rsquo;est qu&rsquo;\u00e0 quelques kilom\u00e8tres au sud.<\/p>\n<h5>Vignoble<\/h5>\n<hr\/>\n<p>Plantation presque exclusivement en coteaux, Vignes paliss\u00e9es,<br \/>\nAge moyen des vignes: 15 ans,<br \/>\nEnc\u00e9pagement: environ 70% Syrah, 20% Cabernet.<\/p>\n<h5>Vinification<\/h5>\n<hr\/>\n<p>Vendange enti\u00e8rement manuelle avec tri sur la parcelle, Egrappage \u00e0 l&rsquo;entr\u00e9e en cave, Inertage des mo\u00fbts,<br \/>\nVinification traditionnelle, Syrah, Grenache et Cabernet-Sauvignon ensemble,<br \/>\nDur\u00e9e de cuvaison 10 jours environ<br \/>\nFermentation \u00e0 temp\u00e9rature de 19\u00b0 \u00e0 26\u00b0C contr\u00f4l\u00e9e \u00e0 toutes les \u00e9tapes.<\/p>\n<h5>Caract\u00e9ristiques du produit<\/h5>\n<hr\/>\n<p>Titre alcoolique 14,15 %, Bouteille bordelaise Rose antique 75 cl, bouchon li\u00e8ge 49 x 24 marqu\u00e9 Mise en Bouteille<br \/>\n\u00e0 la Propri\u00e9t\u00e9, \u00e9tiquette, capsule cong\u00e9 noire.<\/p>\n<h5>D\u00e9gustatioon &#8211; Accord avec les mets<\/h5>\n<hr\/>\n<p>Robe au reflet grenat, le nez exprime les \u00e9pices, le cuir et des flaveurs de lauriers.<br \/>\nLa bouche bien structur\u00e9e par la jeunesse de ses tanins et soulign\u00e9e par une agr\u00e9able fra\u00eecheur r\u00e9v\u00e8le \u00e9galement<br \/>\ndes notes de moka et chocolat\u00e9es en finale.<\/p>\n<p>Viandes rouges et blanches. Par exemple : poulet de Bresse truff\u00e9, pintades, tournedos Rossini, gigots et carr\u00e9s d&rsquo;agneau,<br \/>\nc\u00f4te de boeuf, magrets de canard. Plateaux de fromages.<\/p>","protected":false},"featured_media":987903,"comment_status":"closed","ping_status":"closed","template":"","meta":[],"product_brand":[],"product_cat":[59],"product_tag":[],"class_list":{"0":"post-1578","1":"product","2":"type-product","3":"status-publish","4":"has-post-thumbnail","6":"product_cat-red","8":"first","9":"instock","10":"featured","11":"shipping-taxable","12":"purchasable","13":"product-type-simple"},"yoast_head":"<!-- This site is optimized with the Yoast SEO plugin v27.5 - https:\/\/yoast.com\/product\/yoast-seo-wordpress\/ -->\n<title>Rouge 2020 - Domaine du Carrubier - INTEG<\/title>\n<meta name=\"robots\" content=\"noindex, follow, max-snippet:-1, max-image-preview:large, max-video-preview:-1\" \/>\n<meta property=\"og:locale\" content=\"en_US\" \/>\n<meta property=\"og:type\" content=\"article\" \/>\n<meta property=\"og:title\" content=\"Rouge 2020 - Domaine du Carrubier - INTEG\" \/>\n<meta property=\"og:description\" content=\"Terroir  Sol siliceux, d&#039;origine schisteuse, plus caillouteux sur les coteaux, plus sableux dans les d\u00e9pressions, Climat influenc\u00e9 par la mer: la rade d&#039;Hy\u00e8res n&#039;est qu&#039;\u00e0 quelques kilom\u00e8tres au sud.  Vignoble  Plantation presque exclusivement en coteaux, Vignes paliss\u00e9es, Age moyen des vignes: 15 ans, Enc\u00e9pagement: environ 70% Syrah, 20% Cabernet.  Vinification  Vendange enti\u00e8rement manuelle avec tri sur la parcelle, Egrappage \u00e0 l&#039;entr\u00e9e en cave, Inertage des mo\u00fbts, Vinification traditionnelle, Syrah, Grenache et Cabernet-Sauvignon ensemble, Dur\u00e9e de cuvaison 10 jours environ Fermentation \u00e0 temp\u00e9rature de 19\u00b0 \u00e0 26\u00b0C contr\u00f4l\u00e9e \u00e0 toutes les \u00e9tapes.  Caract\u00e9ristiques du produit  Titre alcoolique 14,15 %, Bouteille bordelaise Rose antique 75 cl, bouchon li\u00e8ge 49 x 24 marqu\u00e9 Mise en Bouteille \u00e0 la Propri\u00e9t\u00e9, \u00e9tiquette, capsule cong\u00e9 noire.  D\u00e9gustatioon - Accord avec les mets  Robe au reflet grenat, le nez exprime les \u00e9pices, le cuir et des flaveurs de lauriers. La bouche bien structur\u00e9e par la jeunesse de ses tanins et soulign\u00e9e par une agr\u00e9able fra\u00eecheur r\u00e9v\u00e8le \u00e9galement des notes de moka et chocolat\u00e9es en finale.  Viandes rouges et blanches. Par exemple : poulet de Bresse truff\u00e9, pintades, tournedos Rossini, gigots et carr\u00e9s d&#039;agneau, c\u00f4te de boeuf, magrets de canard. Plateaux de fromages.\" \/>\n<meta property=\"og:url\" content=\"https:\/\/integ.carrubier.fr\/en\/product\/rouge-2020\/\" \/>\n<meta property=\"og:site_name\" content=\"Domaine du Carrubier - INTEG\" \/>\n<meta property=\"article:modified_time\" content=\"2024-07-24T12:25:51+00:00\" \/>\n<meta property=\"og:image\" content=\"https:\/\/integ.carrubier.fr\/wp-content\/uploads\/2020\/04\/rouge2020-product.png\" \/>\n\t<meta property=\"og:image:width\" content=\"500\" \/>\n\t<meta property=\"og:image:height\" content=\"1000\" \/>\n\t<meta property=\"og:image:type\" content=\"image\/png\" \/>\n<meta name=\"twitter:card\" content=\"summary_large_image\" \/>\n<script type=\"application\/ld+json\" class=\"yoast-schema-graph\">{\"@context\":\"https:\\\/\\\/schema.org\",\"@graph\":[{\"@type\":\"WebPage\",\"@id\":\"https:\\\/\\\/integ.carrubier.fr\\\/produit\\\/rouge-2020\\\/\",\"url\":\"https:\\\/\\\/integ.carrubier.fr\\\/produit\\\/rouge-2020\\\/\",\"name\":\"Rouge 2020 - Domaine du Carrubier - INTEG\",\"isPartOf\":{\"@id\":\"https:\\\/\\\/integ.carrubier.fr\\\/#website\"},\"primaryImageOfPage\":{\"@id\":\"https:\\\/\\\/integ.carrubier.fr\\\/produit\\\/rouge-2020\\\/#primaryimage\"},\"image\":{\"@id\":\"https:\\\/\\\/integ.carrubier.fr\\\/produit\\\/rouge-2020\\\/#primaryimage\"},\"thumbnailUrl\":\"https:\\\/\\\/integ.carrubier.fr\\\/wp-content\\\/uploads\\\/2020\\\/04\\\/rouge2020-product.png\",\"datePublished\":\"2020-04-08T11:25:27+00:00\",\"dateModified\":\"2024-07-24T12:25:51+00:00\",\"breadcrumb\":{\"@id\":\"https:\\\/\\\/integ.carrubier.fr\\\/produit\\\/rouge-2020\\\/#breadcrumb\"},\"inLanguage\":\"en-US\",\"potentialAction\":[{\"@type\":\"ReadAction\",\"target\":[\"https:\\\/\\\/integ.carrubier.fr\\\/produit\\\/rouge-2020\\\/\"]}]},{\"@type\":\"ImageObject\",\"inLanguage\":\"en-US\",\"@id\":\"https:\\\/\\\/integ.carrubier.fr\\\/produit\\\/rouge-2020\\\/#primaryimage\",\"url\":\"https:\\\/\\\/integ.carrubier.fr\\\/wp-content\\\/uploads\\\/2020\\\/04\\\/rouge2020-product.png\",\"contentUrl\":\"https:\\\/\\\/integ.carrubier.fr\\\/wp-content\\\/uploads\\\/2020\\\/04\\\/rouge2020-product.png\",\"width\":500,\"height\":1000},{\"@type\":\"BreadcrumbList\",\"@id\":\"https:\\\/\\\/integ.carrubier.fr\\\/produit\\\/rouge-2020\\\/#breadcrumb\",\"itemListElement\":[{\"@type\":\"ListItem\",\"position\":1,\"name\":\"Accueil\",\"item\":\"https:\\\/\\\/integ.carrubier.fr\\\/\"},{\"@type\":\"ListItem\",\"position\":2,\"name\":\"Produits\",\"item\":\"https:\\\/\\\/integ.carrubier.fr\\\/shop\\\/\"},{\"@type\":\"ListItem\",\"position\":3,\"name\":\"Rouge 2020\"}]},{\"@type\":\"WebSite\",\"@id\":\"https:\\\/\\\/integ.carrubier.fr\\\/#website\",\"url\":\"https:\\\/\\\/integ.carrubier.fr\\\/\",\"name\":\"Domaine du Carrubier - INTEG\",\"description\":\"\",\"publisher\":{\"@id\":\"https:\\\/\\\/integ.carrubier.fr\\\/#organization\"},\"potentialAction\":[{\"@type\":\"SearchAction\",\"target\":{\"@type\":\"EntryPoint\",\"urlTemplate\":\"https:\\\/\\\/integ.carrubier.fr\\\/?s={search_term_string}\"},\"query-input\":{\"@type\":\"PropertyValueSpecification\",\"valueRequired\":true,\"valueName\":\"search_term_string\"}}],\"inLanguage\":\"en-US\"},{\"@type\":\"Organization\",\"@id\":\"https:\\\/\\\/integ.carrubier.fr\\\/#organization\",\"name\":\"Domaine du Carrubier - INTEG\",\"url\":\"https:\\\/\\\/integ.carrubier.fr\\\/\",\"logo\":{\"@type\":\"ImageObject\",\"inLanguage\":\"en-US\",\"@id\":\"https:\\\/\\\/integ.carrubier.fr\\\/#\\\/schema\\\/logo\\\/image\\\/\",\"url\":\"https:\\\/\\\/integ.carrubier.fr\\\/wp-content\\\/uploads\\\/2024\\\/08\\\/logo-blanc.png\",\"contentUrl\":\"https:\\\/\\\/integ.carrubier.fr\\\/wp-content\\\/uploads\\\/2024\\\/08\\\/logo-blanc.png\",\"width\":127,\"height\":80,\"caption\":\"Domaine du Carrubier - INTEG\"},\"image\":{\"@id\":\"https:\\\/\\\/integ.carrubier.fr\\\/#\\\/schema\\\/logo\\\/image\\\/\"}}]}<\/script>\n<!-- \/ Yoast SEO plugin. -->","yoast_head_json":{"title":"Rouge 2020 - Domaine du Carrubier - INTEG","robots":{"index":"noindex","follow":"follow","max-snippet":"max-snippet:-1","max-image-preview":"max-image-preview:large","max-video-preview":"max-video-preview:-1"},"og_locale":"en_US","og_type":"article","og_title":"Rouge 2020 - Domaine du Carrubier - INTEG","og_description":"Terroir  Sol siliceux, d'origine schisteuse, plus caillouteux sur les coteaux, plus sableux dans les d\u00e9pressions, Climat influenc\u00e9 par la mer: la rade d'Hy\u00e8res n'est qu'\u00e0 quelques kilom\u00e8tres au sud.  Vignoble  Plantation presque exclusivement en coteaux, Vignes paliss\u00e9es, Age moyen des vignes: 15 ans, Enc\u00e9pagement: environ 70% Syrah, 20% Cabernet.  Vinification  Vendange enti\u00e8rement manuelle avec tri sur la parcelle, Egrappage \u00e0 l'entr\u00e9e en cave, Inertage des mo\u00fbts, Vinification traditionnelle, Syrah, Grenache et Cabernet-Sauvignon ensemble, Dur\u00e9e de cuvaison 10 jours environ Fermentation \u00e0 temp\u00e9rature de 19\u00b0 \u00e0 26\u00b0C contr\u00f4l\u00e9e \u00e0 toutes les \u00e9tapes.  Caract\u00e9ristiques du produit  Titre alcoolique 14,15 %, Bouteille bordelaise Rose antique 75 cl, bouchon li\u00e8ge 49 x 24 marqu\u00e9 Mise en Bouteille \u00e0 la Propri\u00e9t\u00e9, \u00e9tiquette, capsule cong\u00e9 noire.  D\u00e9gustatioon - Accord avec les mets  Robe au reflet grenat, le nez exprime les \u00e9pices, le cuir et des flaveurs de lauriers. La bouche bien structur\u00e9e par la jeunesse de ses tanins et soulign\u00e9e par une agr\u00e9able fra\u00eecheur r\u00e9v\u00e8le \u00e9galement des notes de moka et chocolat\u00e9es en finale.  Viandes rouges et blanches. Par exemple : poulet de Bresse truff\u00e9, pintades, tournedos Rossini, gigots et carr\u00e9s d'agneau, c\u00f4te de boeuf, magrets de canard. Plateaux de fromages.","og_url":"https:\/\/integ.carrubier.fr\/en\/product\/rouge-2020\/","og_site_name":"Domaine du Carrubier - INTEG","article_modified_time":"2024-07-24T12:25:51+00:00","og_image":[{"width":500,"height":1000,"url":"https:\/\/integ.carrubier.fr\/wp-content\/uploads\/2020\/04\/rouge2020-product.png","type":"image\/png"}],"twitter_card":"summary_large_image","schema":{"@context":"https:\/\/schema.org","@graph":[{"@type":"WebPage","@id":"https:\/\/integ.carrubier.fr\/produit\/rouge-2020\/","url":"https:\/\/integ.carrubier.fr\/produit\/rouge-2020\/","name":"Rouge 2020 - Domaine du Carrubier - INTEG","isPartOf":{"@id":"https:\/\/integ.carrubier.fr\/#website"},"primaryImageOfPage":{"@id":"https:\/\/integ.carrubier.fr\/produit\/rouge-2020\/#primaryimage"},"image":{"@id":"https:\/\/integ.carrubier.fr\/produit\/rouge-2020\/#primaryimage"},"thumbnailUrl":"https:\/\/integ.carrubier.fr\/wp-content\/uploads\/2020\/04\/rouge2020-product.png","datePublished":"2020-04-08T11:25:27+00:00","dateModified":"2024-07-24T12:25:51+00:00","breadcrumb":{"@id":"https:\/\/integ.carrubier.fr\/produit\/rouge-2020\/#breadcrumb"},"inLanguage":"en-US","potentialAction":[{"@type":"ReadAction","target":["https:\/\/integ.carrubier.fr\/produit\/rouge-2020\/"]}]},{"@type":"ImageObject","inLanguage":"en-US","@id":"https:\/\/integ.carrubier.fr\/produit\/rouge-2020\/#primaryimage","url":"https:\/\/integ.carrubier.fr\/wp-content\/uploads\/2020\/04\/rouge2020-product.png","contentUrl":"https:\/\/integ.carrubier.fr\/wp-content\/uploads\/2020\/04\/rouge2020-product.png","width":500,"height":1000},{"@type":"BreadcrumbList","@id":"https:\/\/integ.carrubier.fr\/produit\/rouge-2020\/#breadcrumb","itemListElement":[{"@type":"ListItem","position":1,"name":"Accueil","item":"https:\/\/integ.carrubier.fr\/"},{"@type":"ListItem","position":2,"name":"Produits","item":"https:\/\/integ.carrubier.fr\/shop\/"},{"@type":"ListItem","position":3,"name":"Rouge 2020"}]},{"@type":"WebSite","@id":"https:\/\/integ.carrubier.fr\/#website","url":"https:\/\/integ.carrubier.fr\/","name":"Domaine du Carrubier - INTEG","description":"","publisher":{"@id":"https:\/\/integ.carrubier.fr\/#organization"},"potentialAction":[{"@type":"SearchAction","target":{"@type":"EntryPoint","urlTemplate":"https:\/\/integ.carrubier.fr\/?s={search_term_string}"},"query-input":{"@type":"PropertyValueSpecification","valueRequired":true,"valueName":"search_term_string"}}],"inLanguage":"en-US"},{"@type":"Organization","@id":"https:\/\/integ.carrubier.fr\/#organization","name":"Domaine du Carrubier - INTEG","url":"https:\/\/integ.carrubier.fr\/","logo":{"@type":"ImageObject","inLanguage":"en-US","@id":"https:\/\/integ.carrubier.fr\/#\/schema\/logo\/image\/","url":"https:\/\/integ.carrubier.fr\/wp-content\/uploads\/2024\/08\/logo-blanc.png","contentUrl":"https:\/\/integ.carrubier.fr\/wp-content\/uploads\/2024\/08\/logo-blanc.png","width":127,"height":80,"caption":"Domaine du Carrubier - INTEG"},"image":{"@id":"https:\/\/integ.carrubier.fr\/#\/schema\/logo\/image\/"}}]}},"_links":{"self":[{"href":"https:\/\/integ.carrubier.fr\/en\/wp-json\/wp\/v2\/product\/1578","targetHints":{"allow":["GET"]}}],"collection":[{"href":"https:\/\/integ.carrubier.fr\/en\/wp-json\/wp\/v2\/product"}],"about":[{"href":"https:\/\/integ.carrubier.fr\/en\/wp-json\/wp\/v2\/types\/product"}],"replies":[{"embeddable":true,"href":"https:\/\/integ.carrubier.fr\/en\/wp-json\/wp\/v2\/comments?post=1578"}],"version-history":[{"count":5,"href":"https:\/\/integ.carrubier.fr\/en\/wp-json\/wp\/v2\/product\/1578\/revisions"}],"predecessor-version":[{"id":987908,"href":"https:\/\/integ.carrubier.fr\/en\/wp-json\/wp\/v2\/product\/1578\/revisions\/987908"}],"wp:featuredmedia":[{"embeddable":true,"href":"https:\/\/integ.carrubier.fr\/en\/wp-json\/wp\/v2\/media\/987903"}],"wp:attachment":[{"href":"https:\/\/integ.carrubier.fr\/en\/wp-json\/wp\/v2\/media?parent=1578"}],"wp:term":[{"taxonomy":"product_brand","embeddable":true,"href":"https:\/\/integ.carrubier.fr\/en\/wp-json\/wp\/v2\/product_brand?post=1578"},{"taxonomy":"product_cat","embeddable":true,"href":"https:\/\/integ.carrubier.fr\/en\/wp-json\/wp\/v2\/product_cat?post=1578"},{"taxonomy":"product_tag","embeddable":true,"href":"https:\/\/integ.carrubier.fr\/en\/wp-json\/wp\/v2\/product_tag?post=1578"}],"curies":[{"name":"wp","href":"https:\/\/api.w.org\/{rel}","templated":true}]}}